{"id":91,"date":"2013-08-18T19:20:51","date_gmt":"2013-08-18T17:20:51","guid":{"rendered":"http:\/\/www.hermanus.info\/?page_id=91"},"modified":"2013-08-29T22:19:30","modified_gmt":"2013-08-29T20:19:30","slug":"hermanus-whale-crier","status":"publish","type":"page","link":"https:\/\/www.hermanus.info\/de\/hermanus-whale-crier\/","title":{"rendered":"Die Geschichte des Whale Crier"},"content":{"rendered":"<a href=\"\/wp-content\/uploads\/Whale-Crier-08_big.jpg\" id=\"g1-frame-1\" class=\"g1-frame g1-frame--simple g1-frame--inherit g1-frame--right \" data-g1-lightbox=\"single\" data-rel=\"lightbox-image-0\" data-rl_title=\"\" data-rl_caption=\"\" title=\"\"><span class=\"g1-decorator\">\n\t\t\t\t<img decoding=\"async\" src=\"\/wp-content\/uploads\/Whale-Crier-08_big-239x134.jpg\" class=\"attachment-full\" alt=\"Hermanus Whale Crier, 2008\" \/>\n\t\t\t\t<span class=\"g1-indicator g1-indicator-zoom\"><\/span>\n<\/span><\/a>\n<p>Das Kelp Horn des Whale Criers (dt. \u201eWalschreier\u201c) wurde in Hermanus das erste mal im Jahr 1992 geh\u00f6rt. <strong>Pieter Claasen<\/strong>, damals ein Angestellter des Alten Hafens, war unser erster Whale Crier. Er realisierte kaum, worauf er sich damals einlie\u00df, als er zustimmte, sich mit dem jetzt typischen Schild zu pr\u00e4sentieren. Seine Freunde und Angeh\u00f6rigen fanden, dass er sich selbst zum Narren halten w\u00fcrde, wenn er sich wie ein \u201ePapagei\u201c in der \u00d6ffentlichkeit zeigen w\u00fcrde. Durch die st\u00e4ndige Unterst\u00fctzung seines Beraters Jim Wepener konnte er sich jedoch behaupten, sein Ansehen wuchs und er wurde auf der ganzen Welt bekannt. Dadurch \u00e4nderten seine Freunde und Angeh\u00f6rigen Ihre Meinung langsam. Reisen nach Kapstadt und Johannesburg folgten. Eines der Highlights seiner Zeit als Whale Crier war mit Sicherheit die Reise nach Topsham\/Gro\u00dfbritannien, wo er ein Ehrengast beim allj\u00e4hrlichen Wettbewerb der Stadtausrufer war. Er er\u00f6ffnete die Feierlichkeiten mit einem Ruf auf seinem ber\u00fchmten Kelp Horn und rief seine Gr\u00fc\u00dfe in echter Stadtausrufer Manier. Er erntete einen \u00fcberw\u00e4ltigenden Beifall. Sp\u00e4ter am Nachmittag f\u00fchrte er den farbenfrohen Festzug der Stadtausrufer an mit den Festwagen weit und breit und einer gro\u00dfen Masse von Schaulustigen auf der Hauptstrasse von Topsham.<\/p>\n<p>Auf dieser Reise nahm er auch an einer Pr\u00e4sentation des Whale Watching in Hermanus und der Whale Route in der s\u00fcdafrikanischen Botschaft in London teil. Anschlie\u00dfend teilte der Botschafter ihm per Brief mit, dass die geladenen G\u00e4ste die Pr\u00e4sentation \u00e4u\u00dferst interessant fanden und sie gratulierten den Delegierten zu einer der besten Pr\u00e4sentationen, die je in der Botschaft gehalten wurden.<\/p>\n<p>Als diese Informationen \u00fcber das Beobachten der Wale und \u00fcber Hermanus verbreitet wurden, stieg auch das Medieninteresse an Hermanus und nat\u00fcrlich auch am Whale Crier. Pieter gab im wahrsten Sinne des Wortes dutzende Interviews an Presse und Fernsehen, die ihrerseits damit fortfuhren, Hermanus als wichtiges Tourismusziel darzustellen.<\/p>\n<p>Pieter wurde dann von <strong>Wilson Salukazana<\/strong>, einer angesehenen Person von Zwelihle, Hermanus, abgel\u00f6st. Er machte die Figur des Whale Crier noch ber\u00fchmter und ist wohl der meist fotografierte S\u00fcdafrikaner nach Nelson Mandela! Eines seiner Highlights war der Besuch in Gro\u00dfbritannien, als er Hermanus als einziger Whale Crier der Welt in Manchester vertrat. Er lief den pulsierenden Cliff Path 8 Jahre entlang und gab sein enormes Wissen \u00fcber die Wale in Hermanus weiter. Zur gleichen Zeit war er stets sehr in die Gemeinschaft der Zwelihle integriert. Er startete seine eigenen Township Touren als Ubuntu Tours, die von den Besuchern durchweg sehr gut angenommen wurde. Mit 66 Jahren ging Wilson in Rente und meinte, es ist an der Zeit, etwas ruhiger zu werden (unn\u00f6tig zu sagen, dass er nur f\u00fcr wenige Monate \u201eruhiger\u201c wurde).<\/p>\n<p><strong>Godleck Baleni<\/strong> war der n\u00e4chste, der das Whale Crier Schild zeigte und das Kelp Horn blies! Er hatte in gro\u00dfe Fu\u00dfstapfen zu treten und machte einen gediegenen Job. Sein gro\u00dfes L\u00e4cheln und sein charmanter Charakter war eine gro\u00dfe Attraktion f\u00fcr die Besucher. Leider war der Druck, eine solch angesehene Position innezuhalten, zu gro\u00df f\u00fcr ihn und er k\u00fcndigte bald.<\/p>\n<p>Zu dieser Zeit  schaute sich auch <strong>Pasika Nboba<\/strong> nach etwas um, was seiner Karriere f\u00f6rderlich sein w\u00fcrde. Ganz klar, er war dazu geboren, den Namen des weltweit einzigen Whale Criers zu tragen und er begann im September 2008. Sein Profil zeigt auch seinen Einsatz, seine Hingabe und seine Erfolge. Er besitzt ein gewaltiges Wissen \u00fcber die Wale und \u00fcber Hermanus, ist aber auch st\u00e4ndig bereit, noch mehr dazu zu lernen. Er wird in allen Gemeinden wegen seiner Bescheidenheit und Freundlichkeit respektiert. Seine Leidenschaft f\u00fcr Kinder und die \u00c4lteren ist ebenso gro\u00df wie die Passion f\u00fcr die Natur.<\/p>\n<p>Wir sehen es kommen, dass er die Marke des \u201eWorlds only Whale Criers\u2122\u201c noch bekannter machen wird.<\/p>\n","protected":false},"excerpt":{"rendered":"<p>Das Kelp Horn des Whale Criers (dt. \u201eWalschreier\u201c) wurde in Hermanus das erste mal im Jahr 1992 geh\u00f6rt. Pieter Claasen, damals ein Angestellter des Alten Hafens, war unser erster Whale Crier. Er realisierte kaum, worauf er sich damals einlie\u00df, als er zustimmte, sich mit dem jetzt typischen Schild zu pr\u00e4sentieren. Seine Freunde und Angeh\u00f6rigen fanden, [&hellip;]<\/p>\n","protected":false},"author":1001005,"featured_media":0,"parent":0,"menu_order":0,"comment_status":"closed","ping_status":"closed","template":"g1_template_page_sidebar_right.php","meta":{"_acf_changed":false,"footnotes":""},"class_list":["post-91","page","type-page","status-publish"],"acf":[],"yoast_head":"<!-- This site is optimized with the Yoast SEO plugin v27.5 - https:\/\/yoast.com\/product\/yoast-seo-wordpress\/ -->\n<title>Die Geschichte des Whale Crier - Hermanus.info<\/title>\n<meta name=\"robots\" content=\"index, follow, max-snippet:-1, max-image-preview:large, max-video-preview:-1\" \/>\n<link rel=\"canonical\" href=\"https:\/\/www.hermanus.info\/de\/hermanus-whale-crier\/\" \/>\n<meta property=\"og:locale\" content=\"de_DE\" \/>\n<meta property=\"og:type\" content=\"article\" \/>\n<meta property=\"og:title\" content=\"Die Geschichte des Whale Crier - Hermanus.info\" \/>\n<meta property=\"og:description\" content=\"Das Kelp Horn des Whale Criers (dt. \u201eWalschreier\u201c) wurde in Hermanus das erste mal im Jahr 1992 geh\u00f6rt. Pieter Claasen, damals ein Angestellter des Alten Hafens, war unser erster Whale Crier. Er realisierte kaum, worauf er sich damals einlie\u00df, als er zustimmte, sich mit dem jetzt typischen Schild zu pr\u00e4sentieren. Seine Freunde und Angeh\u00f6rigen fanden, [&hellip;]\" \/>\n<meta property=\"og:url\" content=\"https:\/\/www.hermanus.info\/de\/hermanus-whale-crier\/\" \/>\n<meta property=\"og:site_name\" content=\"Hermanus.info\" \/>\n<meta property=\"article:modified_time\" content=\"2013-08-29T20:19:30+00:00\" \/>\n<meta property=\"og:image\" content=\"https:\/\/www.hermanus.info\/wp-content\/uploads\/Whale-Crier-08_big-239x134.jpg\" \/>\n<meta name=\"twitter:label1\" content=\"Gesch\u00e4tzte Lesezeit\" \/>\n\t<meta name=\"twitter:data1\" content=\"3\u00a0Minuten\" \/>\n<script type=\"application\/ld+json\" class=\"yoast-schema-graph\">{\"@context\":\"https:\\\/\\\/schema.org\",\"@graph\":[{\"@type\":\"WebPage\",\"@id\":\"https:\\\/\\\/www.hermanus.info\\\/de\\\/hermanus-whale-crier\\\/\",\"url\":\"https:\\\/\\\/www.hermanus.info\\\/de\\\/hermanus-whale-crier\\\/\",\"name\":\"Die Geschichte des Whale Crier - Hermanus.info\",\"isPartOf\":{\"@id\":\"https:\\\/\\\/www.hermanus.info\\\/de\\\/#website\"},\"datePublished\":\"2013-08-18T17:20:51+00:00\",\"dateModified\":\"2013-08-29T20:19:30+00:00\",\"breadcrumb\":{\"@id\":\"https:\\\/\\\/www.hermanus.info\\\/de\\\/hermanus-whale-crier\\\/#breadcrumb\"},\"inLanguage\":\"de\",\"potentialAction\":[{\"@type\":\"ReadAction\",\"target\":[\"https:\\\/\\\/www.hermanus.info\\\/de\\\/hermanus-whale-crier\\\/\"]}]},{\"@type\":\"BreadcrumbList\",\"@id\":\"https:\\\/\\\/www.hermanus.info\\\/de\\\/hermanus-whale-crier\\\/#breadcrumb\",\"itemListElement\":[{\"@type\":\"ListItem\",\"position\":1,\"name\":\"Home\",\"item\":\"https:\\\/\\\/www.hermanus.info\\\/de\\\/\"},{\"@type\":\"ListItem\",\"position\":2,\"name\":\"Die Geschichte des Whale Crier\"}]},{\"@type\":\"WebSite\",\"@id\":\"https:\\\/\\\/www.hermanus.info\\\/de\\\/#website\",\"url\":\"https:\\\/\\\/www.hermanus.info\\\/de\\\/\",\"name\":\"Hermanus.info\",\"description\":\"\",\"potentialAction\":[{\"@type\":\"SearchAction\",\"target\":{\"@type\":\"EntryPoint\",\"urlTemplate\":\"https:\\\/\\\/www.hermanus.info\\\/de\\\/?s={search_term_string}\"},\"query-input\":{\"@type\":\"PropertyValueSpecification\",\"valueRequired\":true,\"valueName\":\"search_term_string\"}}],\"inLanguage\":\"de\"}]}<\/script>\n<!-- \/ Yoast SEO plugin. -->","yoast_head_json":{"title":"Die Geschichte des Whale Crier - Hermanus.info","robots":{"index":"index","follow":"follow","max-snippet":"max-snippet:-1","max-image-preview":"max-image-preview:large","max-video-preview":"max-video-preview:-1"},"canonical":"https:\/\/www.hermanus.info\/de\/hermanus-whale-crier\/","og_locale":"de_DE","og_type":"article","og_title":"Die Geschichte des Whale Crier - Hermanus.info","og_description":"Das Kelp Horn des Whale Criers (dt. \u201eWalschreier\u201c) wurde in Hermanus das erste mal im Jahr 1992 geh\u00f6rt. Pieter Claasen, damals ein Angestellter des Alten Hafens, war unser erster Whale Crier. Er realisierte kaum, worauf er sich damals einlie\u00df, als er zustimmte, sich mit dem jetzt typischen Schild zu pr\u00e4sentieren. Seine Freunde und Angeh\u00f6rigen fanden, [&hellip;]","og_url":"https:\/\/www.hermanus.info\/de\/hermanus-whale-crier\/","og_site_name":"Hermanus.info","article_modified_time":"2013-08-29T20:19:30+00:00","og_image":[{"url":"https:\/\/www.hermanus.info\/wp-content\/uploads\/Whale-Crier-08_big-239x134.jpg","type":"","width":"","height":""}],"twitter_misc":{"Gesch\u00e4tzte Lesezeit":"3\u00a0Minuten"},"schema":{"@context":"https:\/\/schema.org","@graph":[{"@type":"WebPage","@id":"https:\/\/www.hermanus.info\/de\/hermanus-whale-crier\/","url":"https:\/\/www.hermanus.info\/de\/hermanus-whale-crier\/","name":"Die Geschichte des Whale Crier - Hermanus.info","isPartOf":{"@id":"https:\/\/www.hermanus.info\/de\/#website"},"datePublished":"2013-08-18T17:20:51+00:00","dateModified":"2013-08-29T20:19:30+00:00","breadcrumb":{"@id":"https:\/\/www.hermanus.info\/de\/hermanus-whale-crier\/#breadcrumb"},"inLanguage":"de","potentialAction":[{"@type":"ReadAction","target":["https:\/\/www.hermanus.info\/de\/hermanus-whale-crier\/"]}]},{"@type":"BreadcrumbList","@id":"https:\/\/www.hermanus.info\/de\/hermanus-whale-crier\/#breadcrumb","itemListElement":[{"@type":"ListItem","position":1,"name":"Home","item":"https:\/\/www.hermanus.info\/de\/"},{"@type":"ListItem","position":2,"name":"Die Geschichte des Whale Crier"}]},{"@type":"WebSite","@id":"https:\/\/www.hermanus.info\/de\/#website","url":"https:\/\/www.hermanus.info\/de\/","name":"Hermanus.info","description":"","potentialAction":[{"@type":"SearchAction","target":{"@type":"EntryPoint","urlTemplate":"https:\/\/www.hermanus.info\/de\/?s={search_term_string}"},"query-input":{"@type":"PropertyValueSpecification","valueRequired":true,"valueName":"search_term_string"}}],"inLanguage":"de"}]}},"_links":{"self":[{"href":"https:\/\/www.hermanus.info\/de\/wp-json\/wp\/v2\/pages\/91","targetHints":{"allow":["GET"]}}],"collection":[{"href":"https:\/\/www.hermanus.info\/de\/wp-json\/wp\/v2\/pages"}],"about":[{"href":"https:\/\/www.hermanus.info\/de\/wp-json\/wp\/v2\/types\/page"}],"author":[{"embeddable":true,"href":"https:\/\/www.hermanus.info\/de\/wp-json\/wp\/v2\/users\/1001005"}],"replies":[{"embeddable":true,"href":"https:\/\/www.hermanus.info\/de\/wp-json\/wp\/v2\/comments?post=91"}],"version-history":[{"count":5,"href":"https:\/\/www.hermanus.info\/de\/wp-json\/wp\/v2\/pages\/91\/revisions"}],"predecessor-version":[{"id":426,"href":"https:\/\/www.hermanus.info\/de\/wp-json\/wp\/v2\/pages\/91\/revisions\/426"}],"wp:attachment":[{"href":"https:\/\/www.hermanus.info\/de\/wp-json\/wp\/v2\/media?parent=91"}],"curies":[{"name":"wp","href":"https:\/\/api.w.org\/{rel}","templated":true}]}}