{"id":57,"date":"2013-08-11T21:47:35","date_gmt":"2013-08-11T19:47:35","guid":{"rendered":"http:\/\/www.hermanus.info\/?page_id=57"},"modified":"2013-08-30T08:20:05","modified_gmt":"2013-08-30T06:20:05","slug":"welcome-to-hermanus-2-2","status":"publish","type":"page","link":"https:\/\/www.hermanus.info\/de\/","title":{"rendered":"Willkommen in Hermanus"},"content":{"rendered":"<span id=\"g1-frame-1\" class=\"g1-frame g1-frame--simple g1-frame--inherit g1-frame--right \"><span class=\"g1-decorator\">\n\t\t\t\t<img loading=\"lazy\" decoding=\"async\" class=\"alignnone size-full wp-image-13\" alt=\"Whale Crier\" src=\"https:\/\/www.hermanus.info\/wp-content\/uploads\/whale_crier.jpg\" width=\"200\" height=\"244\" \/>\n\t\t\t\t<span class=\"g1-indicator g1-indicator-document\"><\/span>\n<\/span><\/span>\n<p>Hermanus wird jedes Jahr zwischen Juni und Dezember von den Southern Right Walen besucht und bewohnt und ist weltbekannt hierf\u00fcr.<\/p>\n<p>Diese freundliche und malerische Kleinstadt befindet sich 120km (etwa anderthalb Autostunden) entfernt von Kapstadt, ca. 80km (etwa eine Autostunde) von Somerset West in S\u00fcdafrika entfernt und ist somit bequem per Auto erreichbar. Auch private Reisef\u00fchrer und Taxis verkehren regelm\u00e4\u00dfig zwischen Hermanus und Kapstadt. Wer sich besonders fit f\u00fchlt kann nat\u00fcrlich auch per Fahrrad oder gar zu Fu\u00df in Hermanus anreisen.<\/p>\n<p>Wann auch immer Sie S\u00fcdafrika besuchen ist es ein Muss die Wale zu sehen. Sobald Sie die Wale in Hermanus einmal beobachtet haben, werden Sie immer eine M\u00f6glichkeit finden, zur\u00fcck zu kommen. In Hermanus findet in der letzten Woche im September jedes Jahr ein gesch\u00e4ftiges Treiben statt, da in dieser Zeit das offizielle Wal-Festival stattfindet.<\/p>\n<p>Wenn Sie w\u00e4hrend der Wal-Saison hier sein k\u00f6nnen gibt es eine Person, die Sie unbedingt sehen m\u00fcssen: den Whale-Crier (Wal-Rufer). Er hat ein Horn, welches aus Kelp (eine Meerespflanze) gemacht ist und sein Job ist es, nach Walen Ausschau zu halten und zu verk\u00fcnden, wo und wann Wale gesichtet wurden. Er wei\u00df immer als erster, wo die Wale zuletzt gesehen wurden und er wird derjenige sein, welcher die Wale als n\u00e4chster sieht! <\/p>\n<p>Wir aktualisieren diese Webseite kontinuierlich. Besuchen Sie uns wieder und lernen Sie noch mehr \u00fcber diese wundersch\u00f6ne Stadt.<\/p>\n<p><strong>Bis bald in in Hermanus!<\/strong><\/p>\n<div class=\"g1-collection g1-collection--grid g1-collection--one-third g1-collection--gallery\"><ul><li class=\"g1-collection__item\">\n\t\t<article id=\"post-197\" class=\"post-197 g1_work type-g1_work status-publish format-standard g1-brief instock\">\n\t\t<figure class=\"entry-featured-media\">\n\t\t<a href=\"https:\/\/www.hermanus.info\/de\/accommodation\/snails-end-cottage\/\" id=\"g1-frame-1\" class=\"g1-frame g1-frame--none g1-frame--inherit g1-frame--center\"><span class=\"g1-decorator\">\n\t\t<img loading=\"lazy\" decoding=\"async\" width=\"171\" height=\"112\" src=\"https:\/\/www.hermanus.info\/wp-content\/uploads\/67_img_snailsend_1.jpg\" class=\"attachment-g1_one_third wp-post-image\" alt=\"Snails End Cottage\"\/>\n\t\t<span class=\"g1-indicator g1-indicator-document\"><\/span>\n\t\t<\/span><\/a>\n\t\t<\/figure>\n\t\t<div class=\"g1-nonmedia\">\n\t\t\t<div class=\"g1-inner\">\n\t\t\t\t<header class=\"entry-header\">\n\t\t\t\t<h3><a href=\"https:\/\/www.hermanus.info\/de\/accommodation\/snails-end-cottage\/\" title=\"Snails End Cottage\">Snails End Cottage<\/a><\/h3>\n\t\t\t\t<p class=\"entry-meta g1-meta\">Prices: From <span class=\"cucotooltip\" data-pt-title=\"<p><strong>2026-04-27<\/strong><\/p>EUR: 19.33<br \/>USD: 22.64<br \/>GBP: 16.78\">R 375<\/span> to <span class=\"cucotooltip\" data-pt-title=\"<p><strong>2026-04-27<\/strong><\/p>EUR: 21.91<br \/>USD: 25.66<br \/>GBP: 19.02\">R 425<\/span><\/p>\n\t\t\t\t<\/header>\n\t\t\t\t<!-- .entry-header -->\n\t\t\t\t<footer class=\"entry-footer\">\n\t\t\t\t<\/footer>\n\t\t\t\t<!-- .entry-footer -->\n\t\t\t<\/div>\n\t\t\t<div class=\"g1-01\">\n\t\t\t<\/div>\n\t\t<\/div>\n\t\t<\/article>\n\t\t<!-- .post-XX -->\n\t\t<\/li><li class=\"g1-collection__item\">\n\t\t<article id=\"post-169\" class=\"post-169 g1_work type-g1_work status-publish format-standard g1-brief instock\">\n\t\t<figure class=\"entry-featured-media\">\n\t\t<a href=\"https:\/\/www.hermanus.info\/de\/accommodation\/la-fontaine-guest-house\/\" id=\"g1-frame-1\" class=\"g1-frame g1-frame--none g1-frame--inherit g1-frame--center\"><span class=\"g1-decorator\">\n\t\t<img loading=\"lazy\" decoding=\"async\" width=\"320\" height=\"180\" src=\"https:\/\/www.hermanus.info\/wp-content\/uploads\/52_img_lafontaine_2-320x180.jpg\" class=\"attachment-g1_one_third wp-post-image\" alt=\"La Fontaine Guest House\"\/>\n\t\t<span class=\"g1-indicator g1-indicator-document\"><\/span>\n\t\t<\/span><\/a>\n\t\t<\/figure>\n\t\t<div class=\"g1-nonmedia\">\n\t\t\t<div class=\"g1-inner\">\n\t\t\t\t<header class=\"entry-header\">\n\t\t\t\t<h3><a href=\"https:\/\/www.hermanus.info\/de\/accommodation\/la-fontaine-guest-house\/\" title=\"La Fontaine Guest House\">La Fontaine Guest House<\/a><\/h3>\n\t\t\t\t<p class=\"entry-meta g1-meta\">Prices: From <span class=\"cucotooltip\" data-pt-title=\"<p><strong>2026-04-27<\/strong><\/p>EUR: 25.78<br \/>USD: 30.19<br \/>GBP: 22.37\">R 500<\/span> to <span class=\"cucotooltip\" data-pt-title=\"<p><strong>2026-04-27<\/strong><\/p>EUR: 43.82<br \/>USD: 51.32<br \/>GBP: 38.04\">R 850<\/span><\/p>\n\t\t\t\t<\/header>\n\t\t\t\t<!-- .entry-header -->\n\t\t\t\t<footer class=\"entry-footer\">\n\t\t\t\t<\/footer>\n\t\t\t\t<!-- .entry-footer -->\n\t\t\t<\/div>\n\t\t\t<div class=\"g1-01\">\n\t\t\t<\/div>\n\t\t<\/div>\n\t\t<\/article>\n\t\t<!-- .post-XX -->\n\t\t<\/li><li class=\"g1-collection__item\">\n\t\t<article id=\"post-136\" class=\"post-136 g1_work type-g1_work status-publish format-standard g1-brief instock\">\n\t\t<figure class=\"entry-featured-media\">\n\t\t<a href=\"https:\/\/www.hermanus.info\/de\/accommodation\/eastbury-cottage\/\" id=\"g1-frame-1\" class=\"g1-frame g1-frame--none g1-frame--inherit g1-frame--center\"><span class=\"g1-decorator\">\n\t\t<img loading=\"lazy\" decoding=\"async\" width=\"320\" height=\"180\" src=\"https:\/\/www.hermanus.info\/wp-content\/uploads\/104_img_EastbueryCottage1-320x180.jpg\" class=\"attachment-g1_one_third wp-post-image\" alt=\"Eastbury Cottage\"\/>\n\t\t<span class=\"g1-indicator g1-indicator-document\"><\/span>\n\t\t<\/span><\/a>\n\t\t<\/figure>\n\t\t<div class=\"g1-nonmedia\">\n\t\t\t<div class=\"g1-inner\">\n\t\t\t\t<header class=\"entry-header\">\n\t\t\t\t<h3><a href=\"https:\/\/www.hermanus.info\/de\/accommodation\/eastbury-cottage\/\" title=\"Eastbury Cottage\">Eastbury Cottage<\/a><\/h3>\n\t\t\t\t<p class=\"entry-meta g1-meta\">Prices: From <span class=\"cucotooltip\" data-pt-title=\"<p><strong>2026-04-27<\/strong><\/p>EUR: 10.31<br \/>USD: 12.08<br \/>GBP: 8.95\">R 200<\/span> to <span class=\"cucotooltip\" data-pt-title=\"<p><strong>2026-04-27<\/strong><\/p>EUR: 18.04<br \/>USD: 21.13<br \/>GBP: 15.66\">R 350<\/span><\/p>\n\t\t\t\t<\/header>\n\t\t\t\t<!-- .entry-header -->\n\t\t\t\t<footer class=\"entry-footer\">\n\t\t\t\t<\/footer>\n\t\t\t\t<!-- .entry-footer -->\n\t\t\t<\/div>\n\t\t\t<div class=\"g1-01\">\n\t\t\t<\/div>\n\t\t<\/div>\n\t\t<\/article>\n\t\t<!-- .post-XX -->\n\t\t<\/li><li class=\"g1-collection__item\">\n\t\t<article id=\"post-55\" class=\"post-55 g1_work type-g1_work status-publish format-standard g1-brief instock\">\n\t\t<figure class=\"entry-featured-media\">\n\t\t<a href=\"https:\/\/www.hermanus.info\/de\/accommodation\/10-robins-nest\/\" id=\"g1-frame-1\" class=\"g1-frame g1-frame--none g1-frame--inherit g1-frame--center\"><span class=\"g1-decorator\">\n\t\t<img loading=\"lazy\" decoding=\"async\" width=\"320\" height=\"180\" src=\"https:\/\/www.hermanus.info\/wp-content\/uploads\/50_img_Robinsnest2-320x180.jpg\" class=\"attachment-g1_one_third wp-post-image\" alt=\"10 Robins Nest\"\/>\n\t\t<span class=\"g1-indicator g1-indicator-document\"><\/span>\n\t\t<\/span><\/a>\n\t\t<\/figure>\n\t\t<div class=\"g1-nonmedia\">\n\t\t\t<div class=\"g1-inner\">\n\t\t\t\t<header class=\"entry-header\">\n\t\t\t\t<h3><a href=\"https:\/\/www.hermanus.info\/de\/accommodation\/10-robins-nest\/\" title=\"10 Robins Nest\">10 Robins Nest<\/a><\/h3>\n\t\t\t\t<p class=\"entry-meta g1-meta\">Prices: From <span class=\"cucotooltip\" data-pt-title=\"<p><strong>2026-04-27<\/strong><\/p>EUR: 10.31<br \/>USD: 12.08<br \/>GBP: 8.95\">R 200<\/span> to <span class=\"cucotooltip\" data-pt-title=\"<p><strong>2026-04-27<\/strong><\/p>EUR: 18.04<br \/>USD: 21.13<br \/>GBP: 15.66\">R 350<\/span><\/p>\n\t\t\t\t<\/header>\n\t\t\t\t<!-- .entry-header -->\n\t\t\t\t<footer class=\"entry-footer\">\n\t\t\t\t<\/footer>\n\t\t\t\t<!-- .entry-footer -->\n\t\t\t<\/div>\n\t\t\t<div class=\"g1-01\">\n\t\t\t<\/div>\n\t\t<\/div>\n\t\t<\/article>\n\t\t<!-- .post-XX -->\n\t\t<\/li><\/ul><\/div>\n","protected":false},"excerpt":{"rendered":"<p>Hermanus wird jedes Jahr zwischen Juni und Dezember von den Southern Right Walen besucht und bewohnt und ist weltbekannt hierf\u00fcr. Diese freundliche und malerische Kleinstadt befindet sich 120km (etwa anderthalb Autostunden) entfernt von Kapstadt, ca. 80km (etwa eine Autostunde) von Somerset West in S\u00fcdafrika entfernt und ist somit bequem per Auto erreichbar. Auch private Reisef\u00fchrer [&hellip;]<\/p>\n","protected":false},"author":1001005,"featured_media":0,"parent":0,"menu_order":0,"comment_status":"closed","ping_status":"closed","template":"g1_template_page_sidebar_right.php","meta":{"_acf_changed":false,"footnotes":""},"class_list":["post-57","page","type-page","status-publish"],"acf":[],"yoast_head":"<!-- This site is optimized with the Yoast SEO plugin v27.4 - https:\/\/yoast.com\/product\/yoast-seo-wordpress\/ -->\n<title>Hermanus in S\u00fcdafrika - G\u00e4steh\u00e4user, Hotels und mehr - Hermanus.info<\/title>\n<meta name=\"robots\" content=\"index, follow, max-snippet:-1, max-image-preview:large, max-video-preview:-1\" \/>\n<link rel=\"canonical\" href=\"https:\/\/www.hermanus.info\/de\/\" \/>\n<meta property=\"og:locale\" content=\"de_DE\" \/>\n<meta property=\"og:type\" content=\"article\" \/>\n<meta property=\"og:title\" content=\"Hermanus in S\u00fcdafrika - G\u00e4steh\u00e4user, Hotels und mehr - Hermanus.info\" \/>\n<meta property=\"og:description\" content=\"Hermanus wird jedes Jahr zwischen Juni und Dezember von den Southern Right Walen besucht und bewohnt und ist weltbekannt hierf\u00fcr. Diese freundliche und malerische Kleinstadt befindet sich 120km (etwa anderthalb Autostunden) entfernt von Kapstadt, ca. 80km (etwa eine Autostunde) von Somerset West in S\u00fcdafrika entfernt und ist somit bequem per Auto erreichbar. Auch private Reisef\u00fchrer [&hellip;]\" \/>\n<meta property=\"og:url\" content=\"https:\/\/www.hermanus.info\/de\/\" \/>\n<meta property=\"og:site_name\" content=\"Hermanus.info\" \/>\n<meta property=\"article:modified_time\" content=\"2013-08-30T06:20:05+00:00\" \/>\n<meta property=\"og:image\" content=\"https:\/\/www.hermanus.info\/wp-content\/uploads\/whale_crier.jpg\" \/>\n<meta name=\"twitter:label1\" content=\"Gesch\u00e4tzte Lesezeit\" \/>\n\t<meta name=\"twitter:data1\" content=\"1\u00a0Minute\" \/>\n<script type=\"application\/ld+json\" class=\"yoast-schema-graph\">{\"@context\":\"https:\\\/\\\/schema.org\",\"@graph\":[{\"@type\":\"WebPage\",\"@id\":\"https:\\\/\\\/www.hermanus.info\\\/de\\\/\",\"url\":\"https:\\\/\\\/www.hermanus.info\\\/de\\\/\",\"name\":\"Hermanus in S\u00fcdafrika - G\u00e4steh\u00e4user, Hotels und mehr - Hermanus.info\",\"isPartOf\":{\"@id\":\"https:\\\/\\\/www.hermanus.info\\\/de\\\/#website\"},\"primaryImageOfPage\":{\"@id\":\"https:\\\/\\\/www.hermanus.info\\\/de\\\/#primaryimage\"},\"image\":{\"@id\":\"https:\\\/\\\/www.hermanus.info\\\/de\\\/#primaryimage\"},\"thumbnailUrl\":\"https:\\\/\\\/www.hermanus.info\\\/wp-content\\\/uploads\\\/whale_crier.jpg\",\"datePublished\":\"2013-08-11T19:47:35+00:00\",\"dateModified\":\"2013-08-30T06:20:05+00:00\",\"breadcrumb\":{\"@id\":\"https:\\\/\\\/www.hermanus.info\\\/de\\\/#breadcrumb\"},\"inLanguage\":\"de\",\"potentialAction\":[{\"@type\":\"ReadAction\",\"target\":[\"https:\\\/\\\/www.hermanus.info\\\/de\\\/\"]}]},{\"@type\":\"ImageObject\",\"inLanguage\":\"de\",\"@id\":\"https:\\\/\\\/www.hermanus.info\\\/de\\\/#primaryimage\",\"url\":\"https:\\\/\\\/www.hermanus.info\\\/wp-content\\\/uploads\\\/whale_crier.jpg\",\"contentUrl\":\"https:\\\/\\\/www.hermanus.info\\\/wp-content\\\/uploads\\\/whale_crier.jpg\"},{\"@type\":\"BreadcrumbList\",\"@id\":\"https:\\\/\\\/www.hermanus.info\\\/de\\\/#breadcrumb\",\"itemListElement\":[{\"@type\":\"ListItem\",\"position\":1,\"name\":\"Home\",\"item\":\"https:\\\/\\\/www.hermanus.info\\\/de\\\/\"},{\"@type\":\"ListItem\",\"position\":2,\"name\":\"Willkommen in Hermanus\"}]},{\"@type\":\"WebSite\",\"@id\":\"https:\\\/\\\/www.hermanus.info\\\/de\\\/#website\",\"url\":\"https:\\\/\\\/www.hermanus.info\\\/de\\\/\",\"name\":\"Hermanus.info\",\"description\":\"\",\"potentialAction\":[{\"@type\":\"SearchAction\",\"target\":{\"@type\":\"EntryPoint\",\"urlTemplate\":\"https:\\\/\\\/www.hermanus.info\\\/de\\\/?s={search_term_string}\"},\"query-input\":{\"@type\":\"PropertyValueSpecification\",\"valueRequired\":true,\"valueName\":\"search_term_string\"}}],\"inLanguage\":\"de\"}]}<\/script>\n<!-- \/ Yoast SEO plugin. -->","yoast_head_json":{"title":"Hermanus in S\u00fcdafrika - G\u00e4steh\u00e4user, Hotels und mehr - Hermanus.info","robots":{"index":"index","follow":"follow","max-snippet":"max-snippet:-1","max-image-preview":"max-image-preview:large","max-video-preview":"max-video-preview:-1"},"canonical":"https:\/\/www.hermanus.info\/de\/","og_locale":"de_DE","og_type":"article","og_title":"Hermanus in S\u00fcdafrika - G\u00e4steh\u00e4user, Hotels und mehr - Hermanus.info","og_description":"Hermanus wird jedes Jahr zwischen Juni und Dezember von den Southern Right Walen besucht und bewohnt und ist weltbekannt hierf\u00fcr. Diese freundliche und malerische Kleinstadt befindet sich 120km (etwa anderthalb Autostunden) entfernt von Kapstadt, ca. 80km (etwa eine Autostunde) von Somerset West in S\u00fcdafrika entfernt und ist somit bequem per Auto erreichbar. Auch private Reisef\u00fchrer [&hellip;]","og_url":"https:\/\/www.hermanus.info\/de\/","og_site_name":"Hermanus.info","article_modified_time":"2013-08-30T06:20:05+00:00","og_image":[{"url":"https:\/\/www.hermanus.info\/wp-content\/uploads\/whale_crier.jpg","type":"","width":"","height":""}],"twitter_misc":{"Gesch\u00e4tzte Lesezeit":"1\u00a0Minute"},"schema":{"@context":"https:\/\/schema.org","@graph":[{"@type":"WebPage","@id":"https:\/\/www.hermanus.info\/de\/","url":"https:\/\/www.hermanus.info\/de\/","name":"Hermanus in S\u00fcdafrika - G\u00e4steh\u00e4user, Hotels und mehr - Hermanus.info","isPartOf":{"@id":"https:\/\/www.hermanus.info\/de\/#website"},"primaryImageOfPage":{"@id":"https:\/\/www.hermanus.info\/de\/#primaryimage"},"image":{"@id":"https:\/\/www.hermanus.info\/de\/#primaryimage"},"thumbnailUrl":"https:\/\/www.hermanus.info\/wp-content\/uploads\/whale_crier.jpg","datePublished":"2013-08-11T19:47:35+00:00","dateModified":"2013-08-30T06:20:05+00:00","breadcrumb":{"@id":"https:\/\/www.hermanus.info\/de\/#breadcrumb"},"inLanguage":"de","potentialAction":[{"@type":"ReadAction","target":["https:\/\/www.hermanus.info\/de\/"]}]},{"@type":"ImageObject","inLanguage":"de","@id":"https:\/\/www.hermanus.info\/de\/#primaryimage","url":"https:\/\/www.hermanus.info\/wp-content\/uploads\/whale_crier.jpg","contentUrl":"https:\/\/www.hermanus.info\/wp-content\/uploads\/whale_crier.jpg"},{"@type":"BreadcrumbList","@id":"https:\/\/www.hermanus.info\/de\/#breadcrumb","itemListElement":[{"@type":"ListItem","position":1,"name":"Home","item":"https:\/\/www.hermanus.info\/de\/"},{"@type":"ListItem","position":2,"name":"Willkommen in Hermanus"}]},{"@type":"WebSite","@id":"https:\/\/www.hermanus.info\/de\/#website","url":"https:\/\/www.hermanus.info\/de\/","name":"Hermanus.info","description":"","potentialAction":[{"@type":"SearchAction","target":{"@type":"EntryPoint","urlTemplate":"https:\/\/www.hermanus.info\/de\/?s={search_term_string}"},"query-input":{"@type":"PropertyValueSpecification","valueRequired":true,"valueName":"search_term_string"}}],"inLanguage":"de"}]}},"_links":{"self":[{"href":"https:\/\/www.hermanus.info\/de\/wp-json\/wp\/v2\/pages\/57","targetHints":{"allow":["GET"]}}],"collection":[{"href":"https:\/\/www.hermanus.info\/de\/wp-json\/wp\/v2\/pages"}],"about":[{"href":"https:\/\/www.hermanus.info\/de\/wp-json\/wp\/v2\/types\/page"}],"author":[{"embeddable":true,"href":"https:\/\/www.hermanus.info\/de\/wp-json\/wp\/v2\/users\/1001005"}],"replies":[{"embeddable":true,"href":"https:\/\/www.hermanus.info\/de\/wp-json\/wp\/v2\/comments?post=57"}],"version-history":[{"count":10,"href":"https:\/\/www.hermanus.info\/de\/wp-json\/wp\/v2\/pages\/57\/revisions"}],"predecessor-version":[{"id":387,"href":"https:\/\/www.hermanus.info\/de\/wp-json\/wp\/v2\/pages\/57\/revisions\/387"}],"wp:attachment":[{"href":"https:\/\/www.hermanus.info\/de\/wp-json\/wp\/v2\/media?parent=57"}],"curies":[{"name":"wp","href":"https:\/\/api.w.org\/{rel}","templated":true}]}}